{"id":547,"date":"2023-04-20T17:02:51","date_gmt":"2023-04-20T17:02:51","guid":{"rendered":"https:\/\/stear.app\/a-propos\/ccfwe\/"},"modified":"2024-02-07T15:51:31","modified_gmt":"2024-02-07T15:51:31","slug":"ccfwe","status":"publish","type":"page","link":"https:\/\/stear.app\/fr\/bienvenue\/a-propos\/ccfwe\/","title":{"rendered":"CCFWE"},"content":{"rendered":"<p>[et_pb_section fb_built=\u00a0\u00bb1&Prime; custom_padding_last_edited=\u00a0\u00bbon|phone\u00a0\u00bb _builder_version=\u00a0\u00bb4.20.4&Prime; _module_preset=\u00a0\u00bbdefault\u00a0\u00bb min_height=\u00a0\u00bb654px\u00a0\u00bb custom_margin=\u00a0\u00bb0px||0px||false|false\u00a0\u00bb custom_margin_tablet=\u00a0\u00bb||0px||false|false\u00a0\u00bb custom_margin_phone=\u00a0\u00bb|0px|0px|0px|false|false\u00a0\u00bb custom_margin_last_edited=\u00a0\u00bbon|phone\u00a0\u00bb custom_padding=\u00a0\u00bb0px||0px||false|false\u00a0\u00bb custom_padding_tablet=\u00a0\u00bb||0px||false|false\u00a0\u00bb custom_padding_phone=\u00a0\u00bb|0px|0px|0px|false|false\u00a0\u00bb custom_css_main_element=\u00a0\u00bbmin-height:100vh\u00a0\u00bb global_colors_info=\u00a0\u00bb{}\u00a0\u00bb][et_pb_row _builder_version=\u00a0\u00bb4.20.4&Prime; _module_preset=\u00a0\u00bbdefault\u00a0\u00bb max_width=\u00a0\u00bb360px\u00a0\u00bb custom_margin=\u00a0\u00bb||||false|false\u00a0\u00bb global_colors_info=\u00a0\u00bb{}\u00a0\u00bb][et_pb_column type=\u00a0\u00bb4_4&Prime; _builder_version=\u00a0\u00bb4.20.4&Prime; _module_preset=\u00a0\u00bbdefault\u00a0\u00bb global_colors_info=\u00a0\u00bb{}\u00a0\u00bb][et_pb_button button_url=\u00a0\u00bbhttps:\/\/stear.app\/fr\/bienvenue\/a-propos\/\u00a0\u00bb button_text=\u00a0\u00bbBack\u00a0\u00bb _builder_version=\u00a0\u00bb4.20.4&Prime; _module_preset=\u00a0\u00bbdefault\u00a0\u00bb custom_button=\u00a0\u00bbon\u00a0\u00bb button_text_color=\u00a0\u00bb#ed715d\u00a0\u00bb button_bg_color=\u00a0\u00bbRGBA(255,255,255,0)\u00a0\u00bb button_icon=\u00a0\u00bb&#xe045;||divi||400&Prime; button_icon_placement=\u00a0\u00bbleft\u00a0\u00bb global_colors_info=\u00a0\u00bb{}\u00a0\u00bb][\/et_pb_button][et_pb_image src=\u00a0\u00bb\/assets\/CCFWElogofullsvg.svg\u00a0\u00bb _builder_version=\u00a0\u00bb4.20.4&Prime; _module_preset=\u00a0\u00bbdefault\u00a0\u00bb global_colors_info=\u00a0\u00bb{}\u00a0\u00bb][\/et_pb_image][\/et_pb_column][\/et_pb_row][et_pb_row _builder_version=\u00a0\u00bb4.20.4&Prime; _module_preset=\u00a0\u00bbdefault\u00a0\u00bb max_width=\u00a0\u00bb360px\u00a0\u00bb global_colors_info=\u00a0\u00bb{}\u00a0\u00bb][et_pb_column type=\u00a0\u00bb4_4&Prime; _builder_version=\u00a0\u00bb4.20.4&Prime; _module_preset=\u00a0\u00bbdefault\u00a0\u00bb global_colors_info=\u00a0\u00bb{}\u00a0\u00bb][et_pb_text _builder_version=\u00a0\u00bb4.20.4&Prime; _module_preset=\u00a0\u00bbdefault\u00a0\u00bb text_line_height=\u00a0\u00bb1.5em\u00a0\u00bb custom_margin=\u00a0\u00bb20px||40px||false|false\u00a0\u00bb global_colors_info=\u00a0\u00bb{}\u00a0\u00bb]<\/p>\n<p><b>\u00c0 propos de nous: <\/b><span style=\"font-weight: 400;\">Le Centre canadien pour l&rsquo;autonomisation des femmes est le seul organisme national canadien \u00e0 but non lucratif \u00e9tabli \u00e0 Ottawa qui se consacre \u00e0 la lutte contre la maltraitance et l&rsquo;injustice \u00e9conomiques par la d\u00e9fense des droits, l&rsquo;\u00e9ducation, la recherche, l&rsquo;autonomisation \u00e9conomique et le changement politique. L&rsquo;exp\u00e9rience v\u00e9cue et les donn\u00e9es probantes actuelles orientent notre travail. Afin d&rsquo;offrir aux personnes survivantes et \u00e0 leurs familles de meilleurs services, notre approche tient compte de leur exp\u00e9rience v\u00e9cue ainsi que de la th\u00e9orie, de la pratique, de l&rsquo;\u00e9valuation et de la recherche.<\/span><\/p>\n<p>[\/et_pb_text][et_pb_text _builder_version=\u00a0\u00bb4.20.4&Prime; _module_preset=\u00a0\u00bbdefault\u00a0\u00bb text_line_height=\u00a0\u00bb1.5em\u00a0\u00bb background_color=\u00a0\u00bb#ffb69e\u00a0\u00bb custom_margin=\u00a0\u00bb40px||40px||false|false\u00a0\u00bb custom_padding=\u00a0\u00bb10px|10px|10px|10px|false|false\u00a0\u00bb link_option_url=\u00a0\u00bbhttps:\/\/ccfwe.org\/\u00a0\u00bb border_radii=\u00a0\u00bbon|11px|11px|11px|11px\u00a0\u00bb global_colors_info=\u00a0\u00bb{}\u00a0\u00bb]<\/p>\n<p style=\"text-align: center;\"><span style=\"font-weight: 400;\">Site Web :<\/span><a href=\"https:\/\/ccfwe.org\/\"><span style=\"font-weight: 400;\">https:\/\/ccfwe.org\/<\/span><\/a><\/p>\n<p>[\/et_pb_text][et_pb_text _builder_version=\u00a0\u00bb4.20.4&Prime; _module_preset=\u00a0\u00bbdefault\u00a0\u00bb text_line_height=\u00a0\u00bb1.5em\u00a0\u00bb custom_margin=\u00a0\u00bb20px||||false|false\u00a0\u00bb global_colors_info=\u00a0\u00bb{}\u00a0\u00bb]<\/p>\n<p><span style=\"font-weight: 400;\"><strong>Veuillez noter<\/strong> que le Centre canadien pour l\u2019autonomisation des femmes ne garantit pas l&rsquo;exactitude, la pertinence, l&rsquo;actualit\u00e9 ou l&rsquo;exhaustivit\u00e9 des informations contenues dans ces sites externes.<\/span><\/p>\n<p>[\/et_pb_text][\/et_pb_column][\/et_pb_row][\/et_pb_section][et_pb_section fb_built=\u00a0\u00bb1&Prime; theme_builder_area=\u00a0\u00bbpost_content\u00a0\u00bb _builder_version=\u00a0\u00bb4.24.0&Prime; _module_preset=\u00a0\u00bbdefault\u00a0\u00bb][et_pb_row _builder_version=\u00a0\u00bb4.24.0&Prime; _module_preset=\u00a0\u00bbdefault\u00a0\u00bb theme_builder_area=\u00a0\u00bbpost_content\u00a0\u00bb][et_pb_column _builder_version=\u00a0\u00bb4.24.0&Prime; _module_preset=\u00a0\u00bbdefault\u00a0\u00bb type=\u00a0\u00bb4_4&Prime; theme_builder_area=\u00a0\u00bbpost_content\u00a0\u00bb][et_pb_text _builder_version=\u00a0\u00bb4.24.0&Prime; _module_preset=\u00a0\u00bbdefault\u00a0\u00bb theme_builder_area=\u00a0\u00bbpost_content\u00a0\u00bb hover_enabled=\u00a0\u00bb0&Prime; sticky_enabled=\u00a0\u00bb0&Prime;][\/et_pb_text][\/et_pb_column][\/et_pb_row][\/et_pb_section]<\/p>\n<div id=\"pincode-overlay\"><div class=\"dummy-content\"><div class=\"et_pb_module et_pb_text et_pb_text_1  et_pb_text_align_left et_pb_bg_layout_light\"><div class=\"et_pb_text_inner\"><h1>Enter your PIN<\/h1><\/div><\/div><div id=\"pincode-ui2\"><form id=\"pincode-form2\" action=\"#\"><input id=\"pincode2\" type=\"password\" maxlength=\"4\"><\/form><div class=\"keypad\"><button data-val=\"1\">1<\/button><button data-val=\"2\">2<\/button><button data-val=\"3\">3<\/button><button data-val=\"4\">4<\/button><button data-val=\"5\">5<\/button><button data-val=\"6\">6<\/button><button data-val=\"7\">7<\/button><button data-val=\"8\">8<\/button><button data-val=\"9\">9<\/button><button data-val=\"10\">Reset<\/button><button data-val=\"0\">0<\/button><button data-val=\"11\">&lt;<\/button><\/div><\/div><\/div><\/div><div id=\"lock-overlay\"><div class=\"dummy-content\">[et_pb_section fb_built=\"1\" _builder_version=\"4.20.4\" _module_preset=\"default\" module_alignment=\"center\" custom_padding=\"||0px|||\" global_colors_info=\"{}\"][et_pb_row column_structure=\"1_5,3_5,1_5\" _builder_version=\"4.20.4\" _module_preset=\"default\" custom_margin_tablet=\"\" custom_margin_phone=\"-60px||||false|false\" custom_margin_last_edited=\"on|phone\" hover_enabled=\"0\" global_colors_info=\"{}\" sticky_enabled=\"0\"][et_pb_column type=\"1_5\" _builder_version=\"4.20.4\" _module_preset=\"default\" global_colors_info=\"{}\"][et_pb_button button_text=\"Accueil\" button_alignment=\"center\" button_alignment_tablet=\"left\" button_alignment_phone=\"left\" button_alignment_last_edited=\"on|phone\" disabled_on=\"on|off|off\" _builder_version=\"4.20.4\" _module_preset=\"default\" custom_button=\"on\" button_text_size=\"9px\" button_text_color=\"#ffffff\" button_bg_color=\"#db0000\" custom_margin_tablet=\"\" custom_margin_phone=\"||10px||false|false\" custom_margin_last_edited=\"on|phone\" hover_enabled=\"0\" global_colors_info=\"{}\" button_use_icon=\"off\" sticky_enabled=\"0\"][\/et_pb_button][\/et_pb_column][et_pb_column type=\"3_5\" _builder_version=\"4.20.4\" _module_preset=\"default\" global_colors_info=\"{}\"][et_pb_blurb use_icon=\"on\" font_icon=\"&#xf002;||fa||900\" icon_color=\"#000000\" icon_placement=\"left\" image_icon_width=\"12px\" _builder_version=\"4.20.4\" _module_preset=\"default\" header_font_size=\"10px\" body_font_size=\"10px\" background_color=\"rgba(0,0,0,0.03)\" image_icon_custom_margin=\"10px||||false|false\" image_icon_custom_padding=\"|||19px|false|false\" border_radii=\"on|100px|100px|100px|100px\" global_colors_info=\"{}\"]<p>Search<\/p>[\/et_pb_blurb][\/et_pb_column][et_pb_column type=\"1_5\" _builder_version=\"4.20.4\" _module_preset=\"default\" global_colors_info=\"{}\"][et_pb_icon font_icon=\"&#xf0f3;||fa||900\" icon_color=\"rgba(0,0,0,0.54)\" icon_width=\"14px\" disabled_on=\"on|off|off\" _builder_version=\"4.20.4\" _module_preset=\"default\" global_colors_info=\"{}\"][\/et_pb_icon][\/et_pb_column][\/et_pb_row][et_pb_row column_structure=\"1_2,1_2\" use_custom_gutter=\"on\" gutter_width=\"2\" module_class=\"two-col-mob\" _builder_version=\"4.20.4\" _module_preset=\"default\" background_color=\"#FDE5DD\" global_colors_info=\"{}\"][et_pb_column type=\"1_2\" _builder_version=\"4.19.4\" _module_preset=\"default\" global_colors_info=\"{}\"][et_pb_image src=\"https:\/\/stear.app\/wp-content\/uploads\/2023\/03\/shutterstock_1894377529-scaled.jpg\" title_text=\"Modern,Interior,Of,Open,Space,With,Design,Modular,Sofa,,Furniture,\" _builder_version=\"4.20.4\" _module_preset=\"default\" width=\"100%\" hover_transition_speed_curve=\"ease-in-out\" custom_css_before=\".zoom-image {||  transition: transform 0.3s ease;||}||||.zoom-image:hover {||  transform: scale(1.2); ||}\" border_radii=\"on|10px|10px|10px|10px\" global_colors_info=\"{}\"][\/et_pb_image][et_pb_blurb title=\"Trending Interiors: beige tones\" image=\"https:\/\/stear.app\/wp-content\/uploads\/2023\/06\/Screenshot-2023-06-22-at-1.39.28-PM.png\" icon_placement=\"left\" image_icon_width=\"200%\" _builder_version=\"4.20.4\" _module_preset=\"default\" header_font=\"|600|||||||\" header_text_color=\"#000000\" header_font_size=\"14px\" image_icon_custom_margin=\"-8px||||false|false\" custom_margin=\"10px||10px||false|false\" header_font_size_tablet=\"14px\" header_font_size_phone=\"8px\" header_font_size_last_edited=\"on|phone\" border_radii_image=\"on|200px|200px|200px|200px\" border_width_all_image=\"1px\" border_color_all_image=\"#FFFFFF\" locked=\"off\" global_colors_info=\"{}\"][\/et_pb_blurb][et_pb_image src=\"https:\/\/stear.app\/wp-content\/uploads\/2023\/03\/shutterstock_1973873204-scaled.jpg\" title_text=\"A,Bowl,Of,Tasty,African,Jollof,Rice,Garnished,With,Some\" _builder_version=\"4.19.4\" _module_preset=\"default\" width=\"94%\" max_width=\"100%\" module_alignment=\"center\" border_radii=\"on|10px|10px|10px|10px\" global_colors_info=\"{}\"][\/et_pb_image][et_pb_blurb title=\"Family Style Jollof Rice for your next gathering\" image=\"https:\/\/stear.app\/wp-content\/uploads\/2023\/06\/Screenshot-2023-06-22-at-1.40.01-PM.png\" icon_placement=\"left\" image_icon_width=\"200%\" _builder_version=\"4.20.4\" _module_preset=\"default\" header_font=\"|600|||||||\" header_text_color=\"#000000\" header_font_size=\"14px\" image_icon_custom_margin=\"-8px||||false|false\" custom_margin=\"10px||10px||false|false\" header_font_size_tablet=\"14px\" header_font_size_phone=\"8px\" header_font_size_last_edited=\"on|phone\" border_radii_image=\"on|200px|200px|200px|200px\" border_width_all_image=\"1px\" border_color_all_image=\"#FFFFFF\" global_colors_info=\"{}\"][\/et_pb_blurb][et_pb_image src=\"https:\/\/stear.app\/wp-content\/uploads\/2023\/03\/shutterstock_1039033741-scaled.jpg\" title_text=\"Gingerbread,Coconut,Overnight,Oatmeal,Served,With,Granola,pecan,honey.recipe,And,Idea,Healthy\" _builder_version=\"4.19.4\" _module_preset=\"default\" width=\"53%\" module_alignment=\"right\" border_radii=\"on|10px|10px|10px|10px\" global_colors_info=\"{}\"][\/et_pb_image][et_pb_blurb title=\"Easy To-Go Breakfast\" icon_placement=\"left\" image_icon_width=\"200%\" _builder_version=\"4.20.4\" _module_preset=\"default\" header_font=\"|600|||||||\" header_text_align=\"right\" header_text_color=\"#000000\" header_font_size=\"14px\" image_icon_custom_margin=\"-8px||||false|false\" custom_margin=\"10px||10px||false|false\" header_font_size_tablet=\"14px\" header_font_size_phone=\"8px\" header_font_size_last_edited=\"on|phone\" border_radii_image=\"on|200px|200px|200px|200px\" border_width_all_image=\"1px\" border_color_all_image=\"#FFFFFF\" global_colors_info=\"{}\"][\/et_pb_blurb][et_pb_image src=\"https:\/\/stear.app\/wp-content\/uploads\/2023\/03\/shutterstock_1930136450-scaled.jpg\" title_text=\"Gift,Boxes,In,Craft,Paper,And,Natural,Decorations,,Creative,And\" _builder_version=\"4.19.4\" _module_preset=\"default\" border_radii=\"on|10px|10px|10px|10px\" global_colors_info=\"{}\"][\/et_pb_image][et_pb_blurb title=\"Fun DIY Packaging for your next big event\" image=\"https:\/\/stear.app\/wp-content\/uploads\/2023\/06\/Screenshot-2023-06-22-at-1.39.49-PM.png\" icon_placement=\"left\" image_icon_width=\"200%\" _builder_version=\"4.20.4\" _module_preset=\"default\" header_font=\"|600|||||||\" header_text_color=\"#000000\" header_font_size=\"14px\" image_icon_custom_margin=\"-8px||||false|false\" custom_margin=\"10px||10px||false|false\" header_font_size_tablet=\"14px\" header_font_size_phone=\"8px\" header_font_size_last_edited=\"on|phone\" border_radii_image=\"on|200px|200px|200px|200px\" border_width_all_image=\"1px\" border_color_all_image=\"#FFFFFF\" locked=\"off\" global_colors_info=\"{}\"][\/et_pb_blurb][et_pb_image src=\"https:\/\/stear.app\/wp-content\/uploads\/2023\/06\/Screenshot-2023-06-22-at-9.57.04-AM.png\" title_text=\"Screenshot 2023-06-22 at 9.57.04 AM\" _builder_version=\"4.20.4\" _module_preset=\"default\" border_radii=\"on|10px|10px|10px|10px\" locked=\"off\" global_colors_info=\"{}\"][\/et_pb_image][et_pb_blurb title=\"10 MUST TRY recipes for a gathering with friends\" image=\"https:\/\/stear.app\/wp-content\/uploads\/2023\/03\/shutterstock_1667439898-scaled.jpg\" icon_placement=\"left\" image_icon_width=\"200%\" _builder_version=\"4.20.4\" _module_preset=\"default\" header_font=\"|600|||||||\" header_text_color=\"#000000\" header_font_size=\"14px\" image_icon_custom_margin=\"-8px||||false|false\" custom_margin=\"10px||10px||false|false\" header_font_size_tablet=\"14px\" header_font_size_phone=\"8px\" header_font_size_last_edited=\"on|phone\" border_radii_image=\"on|200px|200px|200px|200px\" border_width_all_image=\"1px\" border_color_all_image=\"#FFFFFF\" locked=\"off\" global_colors_info=\"{}\"][\/et_pb_blurb][et_pb_image src=\"https:\/\/stear.app\/wp-content\/uploads\/2023\/06\/Screenshot-2023-06-22-at-10.05.45-AM.png\" title_text=\"Screenshot 2023-06-22 at 10.05.45 AM\" _builder_version=\"4.20.4\" _module_preset=\"default\" width=\"82%\" border_radii=\"on|10px|10px|10px|10px\" locked=\"off\" global_colors_info=\"{}\"][\/et_pb_image][et_pb_image src=\"https:\/\/stear.app\/wp-content\/uploads\/2023\/03\/shutterstock_785154337-scaled.jpg\" title_text=\"Map,In,Backpack,,mobile,Phone,With,Earphone,And,Hat,At\" _builder_version=\"4.19.4\" _module_preset=\"default\" border_radii=\"on|10px|10px|10px|10px\" global_colors_info=\"{}\"][\/et_pb_image][et_pb_blurb title=\"Top travel destinations for backpackers\" image=\"https:\/\/stear.app\/wp-content\/uploads\/2023\/06\/Screenshot-2023-06-22-at-1.57.02-PM.png\" icon_placement=\"left\" image_icon_width=\"200%\" _builder_version=\"4.20.4\" _module_preset=\"default\" header_font=\"|600|||||||\" header_text_color=\"#000000\" header_font_size=\"14px\" image_icon_custom_margin=\"-8px||||false|false\" custom_margin=\"10px||10px||false|false\" header_font_size_tablet=\"14px\" header_font_size_phone=\"8px\" header_font_size_last_edited=\"on|phone\" border_radii_image=\"on|200px|200px|200px|200px\" border_width_all_image=\"1px\" border_color_all_image=\"#FFFFFF\" locked=\"off\" global_colors_info=\"{}\"][\/et_pb_blurb][et_pb_image src=\"https:\/\/stear.app\/wp-content\/uploads\/2023\/06\/Screenshot-2023-06-22-at-11.10.17-AM.png\" title_text=\"Screenshot 2023-06-22 at 11.10.17 AM\" _builder_version=\"4.20.4\" _module_preset=\"default\" width=\"100%\" module_alignment=\"center\" border_radii=\"on|10px|10px|10px|10px\" locked=\"off\" global_colors_info=\"{}\"][\/et_pb_image][\/et_pb_column][et_pb_column type=\"1_2\" _builder_version=\"4.19.4\" _module_preset=\"default\" global_colors_info=\"{}\"][et_pb_image src=\"https:\/\/stear.app\/wp-content\/uploads\/2023\/03\/shutterstock_2083035103-scaled.jpg\" title_text=\"Top,View,Of,Female,Hands,Knitting,Against,Wooden,Table,In\" _builder_version=\"4.19.4\" _module_preset=\"default\" max_width=\"100%\" module_alignment=\"center\" border_radii=\"on|10px|10px|10px|10px\" global_colors_info=\"{}\"][\/et_pb_image][et_pb_blurb title=\"EASY: Follow Along Sweater Pattern\" image=\"https:\/\/stear.app\/wp-content\/uploads\/2023\/03\/shutterstock_1437938126-scaled.jpg\" icon_placement=\"left\" image_icon_width=\"200%\" _builder_version=\"4.20.4\" _module_preset=\"default\" header_font=\"|600|||||||\" header_text_color=\"#000000\" header_font_size=\"14px\" image_icon_custom_margin=\"-8px||||false|false\" custom_margin=\"10px||10px||false|false\" header_font_size_tablet=\"14px\" header_font_size_phone=\"8px\" header_font_size_last_edited=\"on|phone\" border_radii_image=\"on|200px|200px|200px|200px\" border_width_all_image=\"1px\" border_color_all_image=\"#FFFFFF\" global_colors_info=\"{}\"][\/et_pb_blurb][et_pb_image src=\"https:\/\/stear.app\/wp-content\/uploads\/2023\/03\/shutterstock_1520565941-scaled.jpg\" title_text=\"Hand,Knitted,Merino,Wool,Chunky,Blanket,In,Interior,On,Background.\" _builder_version=\"4.19.4\" _module_preset=\"default\" width=\"68%\" border_radii=\"on|10px|10px|10px|10px\" global_colors_info=\"{}\"][\/et_pb_image][et_pb_blurb title=\"Cozy Chunky Knits Catalogue\" image=\"https:\/\/stear.app\/wp-content\/uploads\/2023\/03\/shutterstock_1498236431-scaled.jpg\" icon_placement=\"left\" image_icon_width=\"200%\" _builder_version=\"4.20.4\" _module_preset=\"default\" header_font=\"|600|||||||\" header_text_color=\"#000000\" header_font_size=\"14px\" image_icon_custom_margin=\"-8px||||false|false\" custom_margin=\"10px||10px||false|false\" header_font_size_tablet=\"14px\" header_font_size_phone=\"8px\" header_font_size_last_edited=\"on|phone\" border_radii_image=\"on|200px|200px|200px|200px\" border_width_all_image=\"1px\" border_color_all_image=\"#FFFFFF\" global_colors_info=\"{}\"][\/et_pb_blurb][et_pb_image src=\"https:\/\/stear.app\/wp-content\/uploads\/2023\/03\/shutterstock_504504346-scaled.jpg\" title_text=\"Blank,Vintage,Recipe,Cooking,Book,And,Utensils.,Top,View,With\" _builder_version=\"4.20.4\" _module_preset=\"default\" width=\"90%\" module_alignment=\"center\" custom_margin=\"10px||10px||false|false\" border_radii=\"on|10px|10px|10px|10px\" global_colors_info=\"{}\"][\/et_pb_image][et_pb_image src=\"https:\/\/stear.app\/wp-content\/uploads\/2023\/06\/Screenshot-2023-06-22-at-10.15.28-AM.png\" title_text=\"Screenshot 2023-06-22 at 10.15.28 AM\" align=\"right\" _builder_version=\"4.20.4\" _module_preset=\"default\" width=\"82%\" custom_margin=\"10px||10px||false|false\" border_radii=\"on|10px|10px|10px|10px\" locked=\"off\" global_colors_info=\"{}\"][\/et_pb_image][et_pb_image src=\"https:\/\/stear.app\/wp-content\/uploads\/2023\/03\/shutterstock_1075540742-scaled.jpg\" title_text=\"Diy,Old,Empty,Bottles,Can,Be,Used,For,Event,Decoration\" align=\"right\" _builder_version=\"4.20.4\" _module_preset=\"default\" max_width=\"94%\" border_radii=\"on|10px|10px|10px|10px\" global_colors_info=\"{}\"][\/et_pb_image][et_pb_blurb title=\"DIY Event Decor: Beginner\" icon_placement=\"left\" image_icon_width=\"200%\" _builder_version=\"4.20.4\" _module_preset=\"default\" header_font=\"|600|||||||\" header_text_color=\"#000000\" header_font_size=\"14px\" image_icon_custom_margin=\"-8px||||false|false\" custom_margin=\"10px||10px||false|false\" header_font_size_tablet=\"14px\" header_font_size_phone=\"8px\" header_font_size_last_edited=\"on|phone\" custom_css_main_element=\".et_pb_module_header {||  display: inline-block;||}||||.blurb-iconet_pb_main_blurb_image {||  display: inline-block;||  vertical-align: middle;||  margin-left: 10px;||}\" border_radii_image=\"on|200px|200px|200px|200px\" border_width_all_image=\"1px\" border_color_all_image=\"#FFFFFF\" locked=\"off\" global_colors_info=\"{}\"][\/et_pb_blurb][et_pb_image src=\"https:\/\/stear.app\/wp-content\/uploads\/2023\/06\/Screenshot-2023-06-22-at-9.54.53-AM.png\" title_text=\"Screenshot 2023-06-22 at 9.54.53 AM\" _builder_version=\"4.20.4\" _module_preset=\"default\" width=\"77%\" max_width=\"100%\" border_radii=\"on|10px|10px|10px|10px\" locked=\"off\" global_colors_info=\"{}\"][\/et_pb_image][et_pb_blurb title=\"Minimalism Decor Trend 2023\" image=\"https:\/\/stear.app\/wp-content\/uploads\/2023\/06\/Screenshot-2023-06-22-at-1.39.19-PM.png\" icon_placement=\"left\" image_icon_width=\"200%\" _builder_version=\"4.20.4\" _module_preset=\"default\" header_font=\"|600|||||||\" header_text_color=\"#000000\" header_font_size=\"14px\" image_icon_custom_margin=\"-8px||||false|false\" custom_margin=\"10px||10px||false|false\" header_font_size_tablet=\"14px\" header_font_size_phone=\"8px\" header_font_size_last_edited=\"on|phone\" border_radii_image=\"on|200px|200px|200px|200px\" border_width_all_image=\"1px\" border_color_all_image=\"#FFFFFF\" locked=\"off\" global_colors_info=\"{}\"][\/et_pb_blurb][et_pb_image src=\"https:\/\/stear.app\/wp-content\/uploads\/2023\/06\/Screenshot-2023-06-22-at-10.16.09-AM.png\" title_text=\"Screenshot 2023-06-22 at 10.16.09 AM\" align=\"right\" _builder_version=\"4.20.4\" _module_preset=\"default\" width=\"100%\" border_radii=\"on|10px|10px|10px|10px\" locked=\"off\" global_colors_info=\"{}\"][\/et_pb_image][et_pb_blurb title=\"Couches for every type of living room\" icon_placement=\"left\" image_icon_width=\"200%\" _builder_version=\"4.20.4\" _module_preset=\"default\" header_font=\"|600|||||||\" header_text_color=\"#000000\" header_font_size=\"14px\" image_icon_custom_margin=\"-8px||||false|false\" custom_margin=\"10px||10px||false|false\" header_font_size_tablet=\"14px\" header_font_size_phone=\"8px\" header_font_size_last_edited=\"on|phone\" border_radii_image=\"on|200px|200px|200px|200px\" border_width_all_image=\"1px\" border_color_all_image=\"#FFFFFF\" locked=\"off\" global_colors_info=\"{}\"][\/et_pb_blurb][et_pb_image src=\"https:\/\/stear.app\/wp-content\/uploads\/2023\/06\/Screenshot-2023-06-22-at-11.09.57-AM.png\" title_text=\"Screenshot 2023-06-22 at 11.09.57 AM\" _builder_version=\"4.20.4\" _module_preset=\"default\" width=\"100%\" module_alignment=\"center\" border_radii=\"on|10px|10px|10px|10px\" locked=\"off\" global_colors_info=\"{}\"][\/et_pb_image][\/et_pb_column][\/et_pb_row][\/et_pb_section][et_pb_section fb_built=\"1\" _builder_version=\"4.20.4\" _module_preset=\"default\" global_colors_info=\"{}\"][et_pb_row _builder_version=\"4.20.4\" _module_preset=\"default\" global_colors_info=\"{}\"][et_pb_column type=\"4_4\" _builder_version=\"4.20.4\" _module_preset=\"default\" global_colors_info=\"{}\"][\/et_pb_column][\/et_pb_row][\/et_pb_section]<\/div><\/div>","protected":false},"excerpt":{"rendered":"<p>\u00c0 propos de nous: Le Centre canadien pour l&rsquo;autonomisation des femmes est le seul organisme national canadien \u00e0 but non lucratif \u00e9tabli \u00e0 Ottawa qui se consacre \u00e0 la lutte contre la maltraitance et l&rsquo;injustice \u00e9conomiques par la d\u00e9fense des droits, l&rsquo;\u00e9ducation, la recherche, l&rsquo;autonomisation \u00e9conomique et le changement politique. L&rsquo;exp\u00e9rience v\u00e9cue et les donn\u00e9es [&hellip;]<\/p>\n","protected":false},"author":3,"featured_media":0,"parent":546,"menu_order":0,"comment_status":"closed","ping_status":"closed","template":"","meta":{"_et_pb_use_builder":"on","_et_pb_old_content":"","_et_gb_content_width":"","footnotes":""},"class_list":["post-547","page","type-page","status-publish","hentry"],"_links":{"self":[{"href":"https:\/\/stear.app\/fr\/wp-json\/wp\/v2\/pages\/547","targetHints":{"allow":["GET"]}}],"collection":[{"href":"https:\/\/stear.app\/fr\/wp-json\/wp\/v2\/pages"}],"about":[{"href":"https:\/\/stear.app\/fr\/wp-json\/wp\/v2\/types\/page"}],"author":[{"embeddable":true,"href":"https:\/\/stear.app\/fr\/wp-json\/wp\/v2\/users\/3"}],"replies":[{"embeddable":true,"href":"https:\/\/stear.app\/fr\/wp-json\/wp\/v2\/comments?post=547"}],"version-history":[{"count":0,"href":"https:\/\/stear.app\/fr\/wp-json\/wp\/v2\/pages\/547\/revisions"}],"up":[{"embeddable":true,"href":"https:\/\/stear.app\/fr\/wp-json\/wp\/v2\/pages\/546"}],"wp:attachment":[{"href":"https:\/\/stear.app\/fr\/wp-json\/wp\/v2\/media?parent=547"}],"curies":[{"name":"wp","href":"https:\/\/api.w.org\/{rel}","templated":true}]}}