{"id":541,"date":"2023-03-22T18:49:43","date_gmt":"2023-03-22T18:49:43","guid":{"rendered":"https:\/\/stear.app\/ressources\/securite-au-travail\/"},"modified":"2023-05-09T17:01:25","modified_gmt":"2023-05-09T17:01:25","slug":"securite-au-travail","status":"publish","type":"page","link":"https:\/\/stear.app\/fr\/bienvenue\/ressources\/securite-au-travail\/","title":{"rendered":"S\u00e9curit\u00e9 au travail"},"content":{"rendered":"<p>[et_pb_section fb_built=\u00a0\u00bb1&Prime; _builder_version=\u00a0\u00bb4.20.4&Prime; _module_preset=\u00a0\u00bbdefault\u00a0\u00bb background_color=\u00a0\u00bb#fde5dd\u00a0\u00bb hover_enabled=\u00a0\u00bb0&Prime; global_colors_info=\u00a0\u00bb{}\u00a0\u00bb sticky_enabled=\u00a0\u00bb0&Prime;][et_pb_row module_class=\u00a0\u00bbapp-content\u00a0\u00bb _builder_version=\u00a0\u00bb4.20.4&Prime; _module_preset=\u00a0\u00bbdefault\u00a0\u00bb max_width=\u00a0\u00bb360px\u00a0\u00bb hover_enabled=\u00a0\u00bb0&Prime; global_colors_info=\u00a0\u00bb{}\u00a0\u00bb sticky_enabled=\u00a0\u00bb0&Prime;][et_pb_column type=\u00a0\u00bb4_4&Prime; _builder_version=\u00a0\u00bb4.19.2&Prime; _module_preset=\u00a0\u00bbdefault\u00a0\u00bb global_colors_info=\u00a0\u00bb{}\u00a0\u00bb][et_pb_text _builder_version=\u00a0\u00bb4.20.4&Prime; _module_preset=\u00a0\u00bbdefault\u00a0\u00bb hover_enabled=\u00a0\u00bb0&Prime; global_colors_info=\u00a0\u00bb{}\u00a0\u00bb header_font_size=\u00a0\u00bb50px\u00a0\u00bb sticky_enabled=\u00a0\u00bb0&Prime;]<\/p>\n<h1 style=\"text-align: center;\"><strong>S\u00e9curit\u00e9 au travail<\/strong><\/h1>\n<p>[\/et_pb_text][et_pb_text _builder_version=\u00a0\u00bb4.19.4&Prime; _module_preset=\u00a0\u00bbdefault\u00a0\u00bb global_colors_info=\u00a0\u00bb{}\u00a0\u00bb]<\/p>\n<p><span style=\"font-weight: 400;\">Selon le Centre canadien d&rsquo;hygi\u00e8ne et de s\u00e9curit\u00e9 au travail, lorsque la violence familiale ou conjugale suit la victime sur son lieu de travail, elle devient un probl\u00e8me dans ce milieu.<\/span><span style=\"font-weight: 400;\"> Au Canada, il est du devoir de l&#8217;employeur de veiller \u00e0 ce que le lieu de travail soit s\u00e9curitaire et sain, notamment en ce qui concerne la protection contre la violence. <\/span><span style=\"font-weight: 400;\">Dans la mesure o\u00f9 ces mesures sont s\u00e9curitaires, offertes et appropri\u00e9es, vous pourriez entreprendre les actions suivantes :<\/span><\/p>\n<ul>\n<li style=\"font-weight: 400;\" aria-level=\"1\"><span style=\"font-weight: 400;\">Discutez avec votre direction ou les RH (si vous vous sentez \u00e0 l&rsquo;aise et en s\u00e9curit\u00e9) de la situation avec votre agresseur afin d&rsquo;\u00e9laborer un <\/span><a href=\"https:\/\/www.ccohs.ca\/oshanswers\/psychosocial\/violence_domestic.html\"><span style=\"font-weight: 400;\">plan de s\u00e9curit\u00e9.<\/span><\/a><\/li>\n<li style=\"font-weight: 400;\" aria-level=\"1\"><span style=\"font-weight: 400;\">Fournissez \u00e0 votre superviseur et au service de s\u00e9curit\u00e9 de l&rsquo;entreprise un exemplaire de votre <\/span><a href=\"https:\/\/docs.google.com\/document\/d\/1NAPdHs1Y7g9ZVLnAb4CDouWO9Rze6Ijl\/edit#heading=h.xw7miyswgd54\"><span style=\"font-weight: 400;\">ordonnance de protection <\/span><\/a><span style=\"font-weight: 400;\">(si vous en avez une).<\/span><\/li>\n<li style=\"font-weight: 400;\" aria-level=\"1\"><span style=\"font-weight: 400;\">Fournissez aux responsables de la s\u00e9curit\u00e9 et de la r\u00e9ception de votre employeur la photographie de votre partenaire.<\/span><\/li>\n<li style=\"font-weight: 400;\" aria-level=\"1\"><span style=\"font-weight: 400;\">Demandez \u00e0 la s\u00e9curit\u00e9 de vous accompagner vers et depuis le stationnement ou les transports en commun.<\/span><\/li>\n<li style=\"font-weight: 400;\" aria-level=\"1\"><span style=\"font-weight: 400;\">Filtrez vos appels t\u00e9l\u00e9phoniques.<\/span><\/li>\n<li style=\"font-weight: 400;\" aria-level=\"1\"><span style=\"font-weight: 400;\">Envisagez de modifier vos horaires de travail et vos habitudes de d\u00e9placement pour vous rendre au travail et en revenir.<\/span><\/li>\n<li style=\"font-weight: 400;\" aria-level=\"1\"><span style=\"font-weight: 400;\">Conservez les courriels, les messages vocaux, les lettres et les cadeaux mena\u00e7ants au cas o\u00f9 vous d\u00e9cideriez d&rsquo;utiliser le syst\u00e8me judiciaire, car ces preuves vous seront utiles si vous disposez d&rsquo;une ordonnance de protection. Elles vous aideront \u00e0 prouver que votre partenaire ou ex-partenaire enfreint l&rsquo;ordonnance.<\/span><\/li>\n<\/ul>\n<ul>\n<li style=\"font-weight: 400;\" aria-level=\"1\"><span style=\"font-weight: 400;\">Demandez le d\u00e9placement de votre espace de travail dans une zone plus s\u00e9curitaire ou sur un autre site si possible.<\/span><\/li>\n<li style=\"font-weight: 400;\" aria-level=\"1\"><span style=\"font-weight: 400;\">Procurez-vous un t\u00e9l\u00e9phone portable aupr\u00e8s de votre refuge local pour les victimes de violence familiale. Vous disposerez ainsi d&rsquo;un autre moyen de contacter les services d&rsquo;aide ou d&rsquo;urgence, au besoin. Il est primordial de rester en s\u00e9curit\u00e9 pendant cette p\u00e9riode difficile.<\/span><\/li>\n<\/ul>\n<p>\u200b<\/p>\n<p>[\/et_pb_text][et_pb_button button_text=\u00a0\u00bbRetour aux ressources\u00a0\u00bb _builder_version=\u00a0\u00bb4.20.4&Prime; _module_preset=\u00a0\u00bbdefault\u00a0\u00bb button_url=\u00a0\u00bbhttps:\/\/stear.app\/fr\/bienvenue\/ressources\/\u00a0\u00bb background_layout=\u00a0\u00bbdark\u00a0\u00bb custom_button=\u00a0\u00bbon\u00a0\u00bb button_text_color=\u00a0\u00bb#ed715d\u00a0\u00bb button_bg_color=\u00a0\u00bbRGBA(255,255,255,0)\u00a0\u00bb button_bg_enable_color=\u00a0\u00bbon\u00a0\u00bb button_icon=\u00a0\u00bb&#xe045;||divi||400&Prime; button_icon_placement=\u00a0\u00bbleft\u00a0\u00bb hover_enabled=\u00a0\u00bb0&Prime; sticky_enabled=\u00a0\u00bb0&Prime; locked=\u00a0\u00bboff\u00a0\u00bb][\/et_pb_button][\/et_pb_column][\/et_pb_row][\/et_pb_section]<\/p>\n<div id=\"pincode-overlay\"><div class=\"dummy-content\"><div class=\"et_pb_module et_pb_text et_pb_text_1  et_pb_text_align_left et_pb_bg_layout_light\"><div class=\"et_pb_text_inner\"><h1>Enter your PIN<\/h1><\/div><\/div><div id=\"pincode-ui2\"><form id=\"pincode-form2\" action=\"#\"><input id=\"pincode2\" type=\"password\" maxlength=\"4\"><\/form><div class=\"keypad\"><button data-val=\"1\">1<\/button><button data-val=\"2\">2<\/button><button data-val=\"3\">3<\/button><button data-val=\"4\">4<\/button><button data-val=\"5\">5<\/button><button data-val=\"6\">6<\/button><button data-val=\"7\">7<\/button><button data-val=\"8\">8<\/button><button data-val=\"9\">9<\/button><button data-val=\"10\">Reset<\/button><button data-val=\"0\">0<\/button><button data-val=\"11\">&lt;<\/button><\/div><\/div><\/div><\/div><div id=\"lock-overlay\"><div class=\"dummy-content\">[et_pb_section fb_built=\"1\" _builder_version=\"4.20.4\" _module_preset=\"default\" module_alignment=\"center\" custom_padding=\"||0px|||\" global_colors_info=\"{}\"][et_pb_row column_structure=\"1_5,3_5,1_5\" _builder_version=\"4.20.4\" _module_preset=\"default\" custom_margin_tablet=\"\" custom_margin_phone=\"-60px||||false|false\" custom_margin_last_edited=\"on|phone\" hover_enabled=\"0\" global_colors_info=\"{}\" sticky_enabled=\"0\"][et_pb_column type=\"1_5\" _builder_version=\"4.20.4\" _module_preset=\"default\" global_colors_info=\"{}\"][et_pb_button button_text=\"Accueil\" button_alignment=\"center\" button_alignment_tablet=\"left\" button_alignment_phone=\"left\" button_alignment_last_edited=\"on|phone\" disabled_on=\"on|off|off\" _builder_version=\"4.20.4\" _module_preset=\"default\" custom_button=\"on\" button_text_size=\"9px\" button_text_color=\"#ffffff\" button_bg_color=\"#db0000\" custom_margin_tablet=\"\" custom_margin_phone=\"||10px||false|false\" custom_margin_last_edited=\"on|phone\" hover_enabled=\"0\" global_colors_info=\"{}\" button_use_icon=\"off\" sticky_enabled=\"0\"][\/et_pb_button][\/et_pb_column][et_pb_column type=\"3_5\" _builder_version=\"4.20.4\" _module_preset=\"default\" global_colors_info=\"{}\"][et_pb_blurb use_icon=\"on\" font_icon=\"&#xf002;||fa||900\" icon_color=\"#000000\" icon_placement=\"left\" image_icon_width=\"12px\" _builder_version=\"4.20.4\" _module_preset=\"default\" header_font_size=\"10px\" body_font_size=\"10px\" background_color=\"rgba(0,0,0,0.03)\" image_icon_custom_margin=\"10px||||false|false\" image_icon_custom_padding=\"|||19px|false|false\" border_radii=\"on|100px|100px|100px|100px\" global_colors_info=\"{}\"]<p>Search<\/p>[\/et_pb_blurb][\/et_pb_column][et_pb_column type=\"1_5\" _builder_version=\"4.20.4\" _module_preset=\"default\" global_colors_info=\"{}\"][et_pb_icon font_icon=\"&#xf0f3;||fa||900\" icon_color=\"rgba(0,0,0,0.54)\" icon_width=\"14px\" disabled_on=\"on|off|off\" _builder_version=\"4.20.4\" _module_preset=\"default\" global_colors_info=\"{}\"][\/et_pb_icon][\/et_pb_column][\/et_pb_row][et_pb_row column_structure=\"1_2,1_2\" use_custom_gutter=\"on\" gutter_width=\"2\" module_class=\"two-col-mob\" _builder_version=\"4.20.4\" _module_preset=\"default\" background_color=\"#FDE5DD\" global_colors_info=\"{}\"][et_pb_column type=\"1_2\" _builder_version=\"4.19.4\" _module_preset=\"default\" global_colors_info=\"{}\"][et_pb_image src=\"https:\/\/stear.app\/wp-content\/uploads\/2023\/03\/shutterstock_1894377529-scaled.jpg\" title_text=\"Modern,Interior,Of,Open,Space,With,Design,Modular,Sofa,,Furniture,\" _builder_version=\"4.20.4\" _module_preset=\"default\" width=\"100%\" hover_transition_speed_curve=\"ease-in-out\" custom_css_before=\".zoom-image {||  transition: transform 0.3s ease;||}||||.zoom-image:hover {||  transform: scale(1.2); ||}\" border_radii=\"on|10px|10px|10px|10px\" global_colors_info=\"{}\"][\/et_pb_image][et_pb_blurb title=\"Trending Interiors: beige tones\" image=\"https:\/\/stear.app\/wp-content\/uploads\/2023\/06\/Screenshot-2023-06-22-at-1.39.28-PM.png\" icon_placement=\"left\" image_icon_width=\"200%\" _builder_version=\"4.20.4\" _module_preset=\"default\" header_font=\"|600|||||||\" header_text_color=\"#000000\" header_font_size=\"14px\" image_icon_custom_margin=\"-8px||||false|false\" custom_margin=\"10px||10px||false|false\" header_font_size_tablet=\"14px\" header_font_size_phone=\"8px\" header_font_size_last_edited=\"on|phone\" border_radii_image=\"on|200px|200px|200px|200px\" border_width_all_image=\"1px\" border_color_all_image=\"#FFFFFF\" locked=\"off\" global_colors_info=\"{}\"][\/et_pb_blurb][et_pb_image src=\"https:\/\/stear.app\/wp-content\/uploads\/2023\/03\/shutterstock_1973873204-scaled.jpg\" title_text=\"A,Bowl,Of,Tasty,African,Jollof,Rice,Garnished,With,Some\" _builder_version=\"4.19.4\" _module_preset=\"default\" width=\"94%\" max_width=\"100%\" module_alignment=\"center\" border_radii=\"on|10px|10px|10px|10px\" global_colors_info=\"{}\"][\/et_pb_image][et_pb_blurb title=\"Family Style Jollof Rice for your next gathering\" image=\"https:\/\/stear.app\/wp-content\/uploads\/2023\/06\/Screenshot-2023-06-22-at-1.40.01-PM.png\" icon_placement=\"left\" image_icon_width=\"200%\" _builder_version=\"4.20.4\" _module_preset=\"default\" header_font=\"|600|||||||\" header_text_color=\"#000000\" header_font_size=\"14px\" image_icon_custom_margin=\"-8px||||false|false\" custom_margin=\"10px||10px||false|false\" header_font_size_tablet=\"14px\" header_font_size_phone=\"8px\" header_font_size_last_edited=\"on|phone\" border_radii_image=\"on|200px|200px|200px|200px\" border_width_all_image=\"1px\" border_color_all_image=\"#FFFFFF\" global_colors_info=\"{}\"][\/et_pb_blurb][et_pb_image src=\"https:\/\/stear.app\/wp-content\/uploads\/2023\/03\/shutterstock_1039033741-scaled.jpg\" title_text=\"Gingerbread,Coconut,Overnight,Oatmeal,Served,With,Granola,pecan,honey.recipe,And,Idea,Healthy\" _builder_version=\"4.19.4\" _module_preset=\"default\" width=\"53%\" module_alignment=\"right\" border_radii=\"on|10px|10px|10px|10px\" global_colors_info=\"{}\"][\/et_pb_image][et_pb_blurb title=\"Easy To-Go Breakfast\" icon_placement=\"left\" image_icon_width=\"200%\" _builder_version=\"4.20.4\" _module_preset=\"default\" header_font=\"|600|||||||\" header_text_align=\"right\" header_text_color=\"#000000\" header_font_size=\"14px\" image_icon_custom_margin=\"-8px||||false|false\" custom_margin=\"10px||10px||false|false\" header_font_size_tablet=\"14px\" header_font_size_phone=\"8px\" header_font_size_last_edited=\"on|phone\" border_radii_image=\"on|200px|200px|200px|200px\" border_width_all_image=\"1px\" border_color_all_image=\"#FFFFFF\" global_colors_info=\"{}\"][\/et_pb_blurb][et_pb_image src=\"https:\/\/stear.app\/wp-content\/uploads\/2023\/03\/shutterstock_1930136450-scaled.jpg\" title_text=\"Gift,Boxes,In,Craft,Paper,And,Natural,Decorations,,Creative,And\" _builder_version=\"4.19.4\" _module_preset=\"default\" border_radii=\"on|10px|10px|10px|10px\" global_colors_info=\"{}\"][\/et_pb_image][et_pb_blurb title=\"Fun DIY Packaging for your next big event\" image=\"https:\/\/stear.app\/wp-content\/uploads\/2023\/06\/Screenshot-2023-06-22-at-1.39.49-PM.png\" icon_placement=\"left\" image_icon_width=\"200%\" _builder_version=\"4.20.4\" _module_preset=\"default\" header_font=\"|600|||||||\" header_text_color=\"#000000\" header_font_size=\"14px\" image_icon_custom_margin=\"-8px||||false|false\" custom_margin=\"10px||10px||false|false\" header_font_size_tablet=\"14px\" header_font_size_phone=\"8px\" header_font_size_last_edited=\"on|phone\" border_radii_image=\"on|200px|200px|200px|200px\" border_width_all_image=\"1px\" border_color_all_image=\"#FFFFFF\" locked=\"off\" global_colors_info=\"{}\"][\/et_pb_blurb][et_pb_image src=\"https:\/\/stear.app\/wp-content\/uploads\/2023\/06\/Screenshot-2023-06-22-at-9.57.04-AM.png\" title_text=\"Screenshot 2023-06-22 at 9.57.04 AM\" _builder_version=\"4.20.4\" _module_preset=\"default\" border_radii=\"on|10px|10px|10px|10px\" locked=\"off\" global_colors_info=\"{}\"][\/et_pb_image][et_pb_blurb title=\"10 MUST TRY recipes for a gathering with friends\" image=\"https:\/\/stear.app\/wp-content\/uploads\/2023\/03\/shutterstock_1667439898-scaled.jpg\" icon_placement=\"left\" image_icon_width=\"200%\" _builder_version=\"4.20.4\" _module_preset=\"default\" header_font=\"|600|||||||\" header_text_color=\"#000000\" header_font_size=\"14px\" image_icon_custom_margin=\"-8px||||false|false\" custom_margin=\"10px||10px||false|false\" header_font_size_tablet=\"14px\" header_font_size_phone=\"8px\" header_font_size_last_edited=\"on|phone\" border_radii_image=\"on|200px|200px|200px|200px\" border_width_all_image=\"1px\" border_color_all_image=\"#FFFFFF\" locked=\"off\" global_colors_info=\"{}\"][\/et_pb_blurb][et_pb_image src=\"https:\/\/stear.app\/wp-content\/uploads\/2023\/06\/Screenshot-2023-06-22-at-10.05.45-AM.png\" title_text=\"Screenshot 2023-06-22 at 10.05.45 AM\" _builder_version=\"4.20.4\" _module_preset=\"default\" width=\"82%\" border_radii=\"on|10px|10px|10px|10px\" locked=\"off\" global_colors_info=\"{}\"][\/et_pb_image][et_pb_image src=\"https:\/\/stear.app\/wp-content\/uploads\/2023\/03\/shutterstock_785154337-scaled.jpg\" title_text=\"Map,In,Backpack,,mobile,Phone,With,Earphone,And,Hat,At\" _builder_version=\"4.19.4\" _module_preset=\"default\" border_radii=\"on|10px|10px|10px|10px\" global_colors_info=\"{}\"][\/et_pb_image][et_pb_blurb title=\"Top travel destinations for backpackers\" image=\"https:\/\/stear.app\/wp-content\/uploads\/2023\/06\/Screenshot-2023-06-22-at-1.57.02-PM.png\" icon_placement=\"left\" image_icon_width=\"200%\" _builder_version=\"4.20.4\" _module_preset=\"default\" header_font=\"|600|||||||\" header_text_color=\"#000000\" header_font_size=\"14px\" image_icon_custom_margin=\"-8px||||false|false\" custom_margin=\"10px||10px||false|false\" header_font_size_tablet=\"14px\" header_font_size_phone=\"8px\" header_font_size_last_edited=\"on|phone\" border_radii_image=\"on|200px|200px|200px|200px\" border_width_all_image=\"1px\" border_color_all_image=\"#FFFFFF\" locked=\"off\" global_colors_info=\"{}\"][\/et_pb_blurb][et_pb_image src=\"https:\/\/stear.app\/wp-content\/uploads\/2023\/06\/Screenshot-2023-06-22-at-11.10.17-AM.png\" title_text=\"Screenshot 2023-06-22 at 11.10.17 AM\" _builder_version=\"4.20.4\" _module_preset=\"default\" width=\"100%\" module_alignment=\"center\" border_radii=\"on|10px|10px|10px|10px\" locked=\"off\" global_colors_info=\"{}\"][\/et_pb_image][\/et_pb_column][et_pb_column type=\"1_2\" _builder_version=\"4.19.4\" _module_preset=\"default\" global_colors_info=\"{}\"][et_pb_image src=\"https:\/\/stear.app\/wp-content\/uploads\/2023\/03\/shutterstock_2083035103-scaled.jpg\" title_text=\"Top,View,Of,Female,Hands,Knitting,Against,Wooden,Table,In\" _builder_version=\"4.19.4\" _module_preset=\"default\" max_width=\"100%\" module_alignment=\"center\" border_radii=\"on|10px|10px|10px|10px\" global_colors_info=\"{}\"][\/et_pb_image][et_pb_blurb title=\"EASY: Follow Along Sweater Pattern\" image=\"https:\/\/stear.app\/wp-content\/uploads\/2023\/03\/shutterstock_1437938126-scaled.jpg\" icon_placement=\"left\" image_icon_width=\"200%\" _builder_version=\"4.20.4\" _module_preset=\"default\" header_font=\"|600|||||||\" header_text_color=\"#000000\" header_font_size=\"14px\" image_icon_custom_margin=\"-8px||||false|false\" custom_margin=\"10px||10px||false|false\" header_font_size_tablet=\"14px\" header_font_size_phone=\"8px\" header_font_size_last_edited=\"on|phone\" border_radii_image=\"on|200px|200px|200px|200px\" border_width_all_image=\"1px\" border_color_all_image=\"#FFFFFF\" global_colors_info=\"{}\"][\/et_pb_blurb][et_pb_image src=\"https:\/\/stear.app\/wp-content\/uploads\/2023\/03\/shutterstock_1520565941-scaled.jpg\" title_text=\"Hand,Knitted,Merino,Wool,Chunky,Blanket,In,Interior,On,Background.\" _builder_version=\"4.19.4\" _module_preset=\"default\" width=\"68%\" border_radii=\"on|10px|10px|10px|10px\" global_colors_info=\"{}\"][\/et_pb_image][et_pb_blurb title=\"Cozy Chunky Knits Catalogue\" image=\"https:\/\/stear.app\/wp-content\/uploads\/2023\/03\/shutterstock_1498236431-scaled.jpg\" icon_placement=\"left\" image_icon_width=\"200%\" _builder_version=\"4.20.4\" _module_preset=\"default\" header_font=\"|600|||||||\" header_text_color=\"#000000\" header_font_size=\"14px\" image_icon_custom_margin=\"-8px||||false|false\" custom_margin=\"10px||10px||false|false\" header_font_size_tablet=\"14px\" header_font_size_phone=\"8px\" header_font_size_last_edited=\"on|phone\" border_radii_image=\"on|200px|200px|200px|200px\" border_width_all_image=\"1px\" border_color_all_image=\"#FFFFFF\" global_colors_info=\"{}\"][\/et_pb_blurb][et_pb_image src=\"https:\/\/stear.app\/wp-content\/uploads\/2023\/03\/shutterstock_504504346-scaled.jpg\" title_text=\"Blank,Vintage,Recipe,Cooking,Book,And,Utensils.,Top,View,With\" _builder_version=\"4.20.4\" _module_preset=\"default\" width=\"90%\" module_alignment=\"center\" custom_margin=\"10px||10px||false|false\" border_radii=\"on|10px|10px|10px|10px\" global_colors_info=\"{}\"][\/et_pb_image][et_pb_image src=\"https:\/\/stear.app\/wp-content\/uploads\/2023\/06\/Screenshot-2023-06-22-at-10.15.28-AM.png\" title_text=\"Screenshot 2023-06-22 at 10.15.28 AM\" align=\"right\" _builder_version=\"4.20.4\" _module_preset=\"default\" width=\"82%\" custom_margin=\"10px||10px||false|false\" border_radii=\"on|10px|10px|10px|10px\" locked=\"off\" global_colors_info=\"{}\"][\/et_pb_image][et_pb_image src=\"https:\/\/stear.app\/wp-content\/uploads\/2023\/03\/shutterstock_1075540742-scaled.jpg\" title_text=\"Diy,Old,Empty,Bottles,Can,Be,Used,For,Event,Decoration\" align=\"right\" _builder_version=\"4.20.4\" _module_preset=\"default\" max_width=\"94%\" border_radii=\"on|10px|10px|10px|10px\" global_colors_info=\"{}\"][\/et_pb_image][et_pb_blurb title=\"DIY Event Decor: Beginner\" icon_placement=\"left\" image_icon_width=\"200%\" _builder_version=\"4.20.4\" _module_preset=\"default\" header_font=\"|600|||||||\" header_text_color=\"#000000\" header_font_size=\"14px\" image_icon_custom_margin=\"-8px||||false|false\" custom_margin=\"10px||10px||false|false\" header_font_size_tablet=\"14px\" header_font_size_phone=\"8px\" header_font_size_last_edited=\"on|phone\" custom_css_main_element=\".et_pb_module_header {||  display: inline-block;||}||||.blurb-iconet_pb_main_blurb_image {||  display: inline-block;||  vertical-align: middle;||  margin-left: 10px;||}\" border_radii_image=\"on|200px|200px|200px|200px\" border_width_all_image=\"1px\" border_color_all_image=\"#FFFFFF\" locked=\"off\" global_colors_info=\"{}\"][\/et_pb_blurb][et_pb_image src=\"https:\/\/stear.app\/wp-content\/uploads\/2023\/06\/Screenshot-2023-06-22-at-9.54.53-AM.png\" title_text=\"Screenshot 2023-06-22 at 9.54.53 AM\" _builder_version=\"4.20.4\" _module_preset=\"default\" width=\"77%\" max_width=\"100%\" border_radii=\"on|10px|10px|10px|10px\" locked=\"off\" global_colors_info=\"{}\"][\/et_pb_image][et_pb_blurb title=\"Minimalism Decor Trend 2023\" image=\"https:\/\/stear.app\/wp-content\/uploads\/2023\/06\/Screenshot-2023-06-22-at-1.39.19-PM.png\" icon_placement=\"left\" image_icon_width=\"200%\" _builder_version=\"4.20.4\" _module_preset=\"default\" header_font=\"|600|||||||\" header_text_color=\"#000000\" header_font_size=\"14px\" image_icon_custom_margin=\"-8px||||false|false\" custom_margin=\"10px||10px||false|false\" header_font_size_tablet=\"14px\" header_font_size_phone=\"8px\" header_font_size_last_edited=\"on|phone\" border_radii_image=\"on|200px|200px|200px|200px\" border_width_all_image=\"1px\" border_color_all_image=\"#FFFFFF\" locked=\"off\" global_colors_info=\"{}\"][\/et_pb_blurb][et_pb_image src=\"https:\/\/stear.app\/wp-content\/uploads\/2023\/06\/Screenshot-2023-06-22-at-10.16.09-AM.png\" title_text=\"Screenshot 2023-06-22 at 10.16.09 AM\" align=\"right\" _builder_version=\"4.20.4\" _module_preset=\"default\" width=\"100%\" border_radii=\"on|10px|10px|10px|10px\" locked=\"off\" global_colors_info=\"{}\"][\/et_pb_image][et_pb_blurb title=\"Couches for every type of living room\" icon_placement=\"left\" image_icon_width=\"200%\" _builder_version=\"4.20.4\" _module_preset=\"default\" header_font=\"|600|||||||\" header_text_color=\"#000000\" header_font_size=\"14px\" image_icon_custom_margin=\"-8px||||false|false\" custom_margin=\"10px||10px||false|false\" header_font_size_tablet=\"14px\" header_font_size_phone=\"8px\" header_font_size_last_edited=\"on|phone\" border_radii_image=\"on|200px|200px|200px|200px\" border_width_all_image=\"1px\" border_color_all_image=\"#FFFFFF\" locked=\"off\" global_colors_info=\"{}\"][\/et_pb_blurb][et_pb_image src=\"https:\/\/stear.app\/wp-content\/uploads\/2023\/06\/Screenshot-2023-06-22-at-11.09.57-AM.png\" title_text=\"Screenshot 2023-06-22 at 11.09.57 AM\" _builder_version=\"4.20.4\" _module_preset=\"default\" width=\"100%\" module_alignment=\"center\" border_radii=\"on|10px|10px|10px|10px\" locked=\"off\" global_colors_info=\"{}\"][\/et_pb_image][\/et_pb_column][\/et_pb_row][\/et_pb_section][et_pb_section fb_built=\"1\" _builder_version=\"4.20.4\" _module_preset=\"default\" global_colors_info=\"{}\"][et_pb_row _builder_version=\"4.20.4\" _module_preset=\"default\" global_colors_info=\"{}\"][et_pb_column type=\"4_4\" _builder_version=\"4.20.4\" _module_preset=\"default\" global_colors_info=\"{}\"][\/et_pb_column][\/et_pb_row][\/et_pb_section]<\/div><\/div>","protected":false},"excerpt":{"rendered":"<p>S\u00e9curit\u00e9 au travailSelon le Centre canadien d&rsquo;hygi\u00e8ne et de s\u00e9curit\u00e9 au travail, lorsque la violence familiale ou conjugale suit la victime sur son lieu de travail, elle devient un probl\u00e8me dans ce milieu. Au Canada, il est du devoir de l&#8217;employeur de veiller \u00e0 ce que le lieu de travail soit s\u00e9curitaire et sain, notamment [&hellip;]<\/p>\n","protected":false},"author":3,"featured_media":0,"parent":539,"menu_order":0,"comment_status":"closed","ping_status":"closed","template":"","meta":{"_et_pb_use_builder":"on","_et_pb_old_content":"","_et_gb_content_width":"","footnotes":""},"class_list":["post-541","page","type-page","status-publish","hentry"],"_links":{"self":[{"href":"https:\/\/stear.app\/fr\/wp-json\/wp\/v2\/pages\/541","targetHints":{"allow":["GET"]}}],"collection":[{"href":"https:\/\/stear.app\/fr\/wp-json\/wp\/v2\/pages"}],"about":[{"href":"https:\/\/stear.app\/fr\/wp-json\/wp\/v2\/types\/page"}],"author":[{"embeddable":true,"href":"https:\/\/stear.app\/fr\/wp-json\/wp\/v2\/users\/3"}],"replies":[{"embeddable":true,"href":"https:\/\/stear.app\/fr\/wp-json\/wp\/v2\/comments?post=541"}],"version-history":[{"count":0,"href":"https:\/\/stear.app\/fr\/wp-json\/wp\/v2\/pages\/541\/revisions"}],"up":[{"embeddable":true,"href":"https:\/\/stear.app\/fr\/wp-json\/wp\/v2\/pages\/539"}],"wp:attachment":[{"href":"https:\/\/stear.app\/fr\/wp-json\/wp\/v2\/media?parent=541"}],"curies":[{"name":"wp","href":"https:\/\/api.w.org\/{rel}","templated":true}]}}