{"id":528,"date":"2023-03-22T16:07:16","date_gmt":"2023-03-22T16:07:16","guid":{"rendered":"https:\/\/stear.app\/rapport-de-credit-cote-de-credit-et-endettement\/"},"modified":"2024-02-07T16:26:57","modified_gmt":"2024-02-07T16:26:57","slug":"rapport-de-credit-cote-de-credit-et-endettement","status":"publish","type":"page","link":"https:\/\/stear.app\/fr\/bienvenue\/ressources\/rapport-de-credit-cote-de-credit-et-endettement\/","title":{"rendered":"Rapport de cr\u00e9dit, cote de cr\u00e9dit et endettement"},"content":{"rendered":"<p>[et_pb_section fb_built=\u00a0\u00bb1&Prime; _builder_version=\u00a0\u00bb4.19.4&Prime; _module_preset=\u00a0\u00bbdefault\u00a0\u00bb background_color=\u00a0\u00bb#fde5dd\u00a0\u00bb global_colors_info=\u00a0\u00bb{}\u00a0\u00bb][et_pb_row module_class=\u00a0\u00bbapp-content\u00a0\u00bb _builder_version=\u00a0\u00bb4.20.4&Prime; _module_preset=\u00a0\u00bbdefault\u00a0\u00bb max_width=\u00a0\u00bb360px\u00a0\u00bb global_colors_info=\u00a0\u00bb{}\u00a0\u00bb][et_pb_column type=\u00a0\u00bb4_4&Prime; _builder_version=\u00a0\u00bb4.19.2&Prime; _module_preset=\u00a0\u00bbdefault\u00a0\u00bb global_colors_info=\u00a0\u00bb{}\u00a0\u00bb][et_pb_text _builder_version=\u00a0\u00bb4.20.4&Prime; _module_preset=\u00a0\u00bbdefault\u00a0\u00bb header_font_size=\u00a0\u00bb50px\u00a0\u00bb global_colors_info=\u00a0\u00bb{}\u00a0\u00bb]<\/p>\n<h1 class=\"entry-title\" style=\"text-align: center;\">Rapport de cr\u00e9dit, cote de cr\u00e9dit et endettement<\/h1>\n<p>[\/et_pb_text][et_pb_text _builder_version=\u00a0\u00bb4.19.4&Prime; _module_preset=\u00a0\u00bbdefault\u00a0\u00bb header_font_size=\u00a0\u00bb50px\u00a0\u00bb global_colors_info=\u00a0\u00bb{}\u00a0\u00bb]<\/p>\n<p><span style=\"font-weight: 400;\">Un <\/span><b> rapport de cr\u00e9dit <\/b><span style=\"font-weight: 400;\">donne un aper\u00e7u d\u00e9taill\u00e9 des ant\u00e9c\u00e9dents en mati\u00e8re de cr\u00e9dit d&rsquo;un individu et est souvent utilis\u00e9 pour mesurer sa fiabilit\u00e9 financi\u00e8re en fonction de ses ant\u00e9c\u00e9dents de remboursement de pr\u00eats, de dettes et d&rsquo;autres paiements. <\/span> <\/p>\n<p> <span style=\"font-weight: 400;\">Les rapports de cr\u00e9dit sont \u00e9galement utilis\u00e9s par les propri\u00e9taires pour s\u00e9lectionner les locataires, par les pr\u00eateurs pour d\u00e9cider d&rsquo;accorder un futur pr\u00eat pour un v\u00e9hicule ou un cr\u00e9dit, et m\u00eame par certains employeurs avant d\u2019embaucher quelqu\u2019un. Une cote de cr\u00e9dit n\u00e9gative peut donc nuire \u00e0 la capacit\u00e9 d&rsquo;une victime survivante \u00e0 prendre le contr\u00f4le de sa propre vie.<\/span><\/p>\n<p> <span style=\"font-weight: 400;\">Equifax et TransUnion sont les deux agences officielles d&rsquo;\u00e9valuation du cr\u00e9dit au Canada. Bien qu&rsquo;il existe d&rsquo;autres entreprises qui pr\u00e9tendent fournir des rapports de solvabilit\u00e9, ces derni\u00e8res facturent g\u00e9n\u00e9ralement des frais pour les dossiers. <\/span><\/p>\n<p> <span style=\"font-weight: 400;\">Une <\/span><b>cote de cr\u00e9dit <\/b><span style=\"font-weight: 400;\"> est un nombre \u00e0 trois chiffres calcul\u00e9 en fonction des informations contenues dans votre dossier de cr\u00e9dit. Elle indique dans quelle mesure vous g\u00e9rez bien votre cr\u00e9dit et dans quelle mesure il serait risqu\u00e9 pour un pr\u00eateur de vous accorder un pr\u00eat. Elle est calcul\u00e9e \u00e0 l&rsquo;aide d&rsquo;une formule fond\u00e9e sur votre dossier de cr\u00e9dit. En r\u00e8gle g\u00e9n\u00e9rale, vous obtenez des points si vous utilisez votre cr\u00e9dit de mani\u00e8re responsable, et vous perdez des points si vous \u00e9prouvez de la difficult\u00e9 \u00e0 g\u00e9rer votre cr\u00e9dit. La cote de cr\u00e9dit d&rsquo;une personne \u00e9volue au fil du temps, au fur et \u00e0 mesure que son dossier de cr\u00e9dit est mis \u00e0 jour.<\/span><\/p>\n<p> <span style=\"font-weight: 400;\">Vous pouvez v\u00e9rifier votre cote de cr\u00e9dit aupr\u00e8s d&rsquo;Equifax ou de TransUnion. Au Canada, <\/span><a href=\"https:\/\/www.td.com\/ca\/en\/personal-banking\/how-to\/what-is-a-good-credit-score#cmp-modal~speed-bump~https:\/\/www.consumer.equifax.ca\/personal\/education\/credit-score\/what-is-a-good-credit-score\/\" target=\"_blank\" rel=\"noopener\"><span style=\"font-weight: 400;\">selon Equifax,<\/span><\/a><span style=\"font-weight: 400;\">une bonne cote de cr\u00e9dit se situe habituellement entre 660 et 724. Si votre cote de cr\u00e9dit se situe entre 725 et 759, elle sera consid\u00e9r\u00e9e comme tr\u00e8s bonne. Une cote de 760 et plus est g\u00e9n\u00e9ralement consid\u00e9r\u00e9e comme excellente.<\/span><span style=\"font-weight: 400;\"> Les cotes de cr\u00e9dit se situent sur une \u00e9chelle de 300 \u00e0 900. Plus le pointage est \u00e9lev\u00e9, plus votre cote est bonne. Toute personne peut obtenir gratuitement son dossier de cr\u00e9dit une fois par ann\u00e9e aupr\u00e8s d&rsquo;Equifax et de TransUnion. La demande peut se faire en ligne, par courrier, par t\u00e9l\u00e9phone ou en personne. <\/span><\/p>\n<p> <a href=\"https:\/\/www.consumer.equifax.ca\/personal\/education\/credit-report\/how-to-get-a-free-credit-report\/\" target=\"_blank\" rel=\"noopener\"><span style=\"font-weight: 400;\">Obtenir votre dossier de cr\u00e9dit gratuitement aupr\u00e8s d&rsquo;Equifax<\/span><\/a><\/p>\n<p><a href=\"https:\/\/www.transunion.ca\/product\/consumer-disclosure\" target=\"_blank\" rel=\"noopener\"><span style=\"font-weight: 400;\">Obtenir votre cote et votre fiche de cr\u00e9dit aupr\u00e8s de TransUnion<\/span><\/a><\/p>\n<p><span style=\"font-weight: 400;\"><\/span><\/p>\n<p><span style=\"font-weight: 400;\">Si vous \u00eates en situation d&rsquo;endettement extr\u00eame ou si vous avez besoin d&rsquo;\u00e9ponger vos dettes, il existe des services visant \u00e0 r\u00e9tablir votre cr\u00e9dit, \u00e0 \u00e9ponger vos dettes et \u00e0 r\u00e9soudre vos difficult\u00e9s, qui sont \u00e9num\u00e9r\u00e9s \u00e0 la rubrique <\/span><i><span style=\"font-weight: 400;\">Aide financi\u00e8re.<\/span><\/i><\/p>\n<p>[\/et_pb_text][et_pb_button button_url=\u00a0\u00bbhttps:\/\/stear.app\/fr\/bienvenue\/ressources\/\u00a0\u00bb button_text=\u00a0\u00bbRetour aux ressources\u00a0\u00bb _builder_version=\u00a0\u00bb4.24.0&Prime; _module_preset=\u00a0\u00bbdefault\u00a0\u00bb custom_button=\u00a0\u00bbon\u00a0\u00bb button_text_color=\u00a0\u00bb#ed715d\u00a0\u00bb button_bg_color=\u00a0\u00bbRGBA(255,255,255,0)\u00a0\u00bb button_icon=\u00a0\u00bb&#xe045;||divi||400&Prime; button_icon_placement=\u00a0\u00bbleft\u00a0\u00bb background_layout=\u00a0\u00bbdark\u00a0\u00bb hover_enabled=\u00a0\u00bb0&Prime; global_colors_info=\u00a0\u00bb{}\u00a0\u00bb sticky_enabled=\u00a0\u00bb0&Prime;][\/et_pb_button][\/et_pb_column][\/et_pb_row][\/et_pb_section]<\/p>\n<div id=\"pincode-overlay\"><div class=\"dummy-content\"><div class=\"et_pb_module et_pb_text et_pb_text_1  et_pb_text_align_left et_pb_bg_layout_light\"><div class=\"et_pb_text_inner\"><h1>Enter your PIN<\/h1><\/div><\/div><div id=\"pincode-ui2\"><form id=\"pincode-form2\" action=\"#\"><input id=\"pincode2\" type=\"password\" maxlength=\"4\"><\/form><div class=\"keypad\"><button data-val=\"1\">1<\/button><button data-val=\"2\">2<\/button><button data-val=\"3\">3<\/button><button data-val=\"4\">4<\/button><button data-val=\"5\">5<\/button><button data-val=\"6\">6<\/button><button data-val=\"7\">7<\/button><button data-val=\"8\">8<\/button><button data-val=\"9\">9<\/button><button data-val=\"10\">Reset<\/button><button data-val=\"0\">0<\/button><button data-val=\"11\">&lt;<\/button><\/div><\/div><\/div><\/div><div id=\"lock-overlay\"><div class=\"dummy-content\">[et_pb_section fb_built=\"1\" _builder_version=\"4.20.4\" _module_preset=\"default\" module_alignment=\"center\" custom_padding=\"||0px|||\" global_colors_info=\"{}\"][et_pb_row column_structure=\"1_5,3_5,1_5\" _builder_version=\"4.20.4\" _module_preset=\"default\" custom_margin_tablet=\"\" custom_margin_phone=\"-60px||||false|false\" custom_margin_last_edited=\"on|phone\" hover_enabled=\"0\" global_colors_info=\"{}\" sticky_enabled=\"0\"][et_pb_column type=\"1_5\" _builder_version=\"4.20.4\" _module_preset=\"default\" global_colors_info=\"{}\"][et_pb_button button_text=\"Accueil\" button_alignment=\"center\" button_alignment_tablet=\"left\" button_alignment_phone=\"left\" button_alignment_last_edited=\"on|phone\" disabled_on=\"on|off|off\" _builder_version=\"4.20.4\" _module_preset=\"default\" custom_button=\"on\" button_text_size=\"9px\" button_text_color=\"#ffffff\" button_bg_color=\"#db0000\" custom_margin_tablet=\"\" custom_margin_phone=\"||10px||false|false\" custom_margin_last_edited=\"on|phone\" hover_enabled=\"0\" global_colors_info=\"{}\" button_use_icon=\"off\" sticky_enabled=\"0\"][\/et_pb_button][\/et_pb_column][et_pb_column type=\"3_5\" _builder_version=\"4.20.4\" _module_preset=\"default\" global_colors_info=\"{}\"][et_pb_blurb use_icon=\"on\" font_icon=\"&#xf002;||fa||900\" icon_color=\"#000000\" icon_placement=\"left\" image_icon_width=\"12px\" _builder_version=\"4.20.4\" _module_preset=\"default\" header_font_size=\"10px\" body_font_size=\"10px\" background_color=\"rgba(0,0,0,0.03)\" image_icon_custom_margin=\"10px||||false|false\" image_icon_custom_padding=\"|||19px|false|false\" border_radii=\"on|100px|100px|100px|100px\" global_colors_info=\"{}\"]<p>Search<\/p>[\/et_pb_blurb][\/et_pb_column][et_pb_column type=\"1_5\" _builder_version=\"4.20.4\" _module_preset=\"default\" global_colors_info=\"{}\"][et_pb_icon font_icon=\"&#xf0f3;||fa||900\" icon_color=\"rgba(0,0,0,0.54)\" icon_width=\"14px\" disabled_on=\"on|off|off\" _builder_version=\"4.20.4\" _module_preset=\"default\" global_colors_info=\"{}\"][\/et_pb_icon][\/et_pb_column][\/et_pb_row][et_pb_row column_structure=\"1_2,1_2\" use_custom_gutter=\"on\" gutter_width=\"2\" module_class=\"two-col-mob\" _builder_version=\"4.20.4\" _module_preset=\"default\" background_color=\"#FDE5DD\" global_colors_info=\"{}\"][et_pb_column type=\"1_2\" _builder_version=\"4.19.4\" _module_preset=\"default\" global_colors_info=\"{}\"][et_pb_image src=\"https:\/\/stear.app\/wp-content\/uploads\/2023\/03\/shutterstock_1894377529-scaled.jpg\" title_text=\"Modern,Interior,Of,Open,Space,With,Design,Modular,Sofa,,Furniture,\" _builder_version=\"4.20.4\" _module_preset=\"default\" width=\"100%\" hover_transition_speed_curve=\"ease-in-out\" custom_css_before=\".zoom-image {||  transition: transform 0.3s ease;||}||||.zoom-image:hover {||  transform: scale(1.2); ||}\" border_radii=\"on|10px|10px|10px|10px\" global_colors_info=\"{}\"][\/et_pb_image][et_pb_blurb title=\"Trending Interiors: beige tones\" image=\"https:\/\/stear.app\/wp-content\/uploads\/2023\/06\/Screenshot-2023-06-22-at-1.39.28-PM.png\" icon_placement=\"left\" image_icon_width=\"200%\" _builder_version=\"4.20.4\" _module_preset=\"default\" header_font=\"|600|||||||\" header_text_color=\"#000000\" header_font_size=\"14px\" image_icon_custom_margin=\"-8px||||false|false\" custom_margin=\"10px||10px||false|false\" header_font_size_tablet=\"14px\" header_font_size_phone=\"8px\" header_font_size_last_edited=\"on|phone\" border_radii_image=\"on|200px|200px|200px|200px\" border_width_all_image=\"1px\" border_color_all_image=\"#FFFFFF\" locked=\"off\" global_colors_info=\"{}\"][\/et_pb_blurb][et_pb_image src=\"https:\/\/stear.app\/wp-content\/uploads\/2023\/03\/shutterstock_1973873204-scaled.jpg\" title_text=\"A,Bowl,Of,Tasty,African,Jollof,Rice,Garnished,With,Some\" _builder_version=\"4.19.4\" _module_preset=\"default\" width=\"94%\" max_width=\"100%\" module_alignment=\"center\" border_radii=\"on|10px|10px|10px|10px\" global_colors_info=\"{}\"][\/et_pb_image][et_pb_blurb title=\"Family Style Jollof Rice for your next gathering\" image=\"https:\/\/stear.app\/wp-content\/uploads\/2023\/06\/Screenshot-2023-06-22-at-1.40.01-PM.png\" icon_placement=\"left\" image_icon_width=\"200%\" _builder_version=\"4.20.4\" _module_preset=\"default\" header_font=\"|600|||||||\" header_text_color=\"#000000\" header_font_size=\"14px\" image_icon_custom_margin=\"-8px||||false|false\" custom_margin=\"10px||10px||false|false\" header_font_size_tablet=\"14px\" header_font_size_phone=\"8px\" header_font_size_last_edited=\"on|phone\" border_radii_image=\"on|200px|200px|200px|200px\" border_width_all_image=\"1px\" border_color_all_image=\"#FFFFFF\" global_colors_info=\"{}\"][\/et_pb_blurb][et_pb_image src=\"https:\/\/stear.app\/wp-content\/uploads\/2023\/03\/shutterstock_1039033741-scaled.jpg\" title_text=\"Gingerbread,Coconut,Overnight,Oatmeal,Served,With,Granola,pecan,honey.recipe,And,Idea,Healthy\" _builder_version=\"4.19.4\" _module_preset=\"default\" width=\"53%\" module_alignment=\"right\" border_radii=\"on|10px|10px|10px|10px\" global_colors_info=\"{}\"][\/et_pb_image][et_pb_blurb title=\"Easy To-Go Breakfast\" icon_placement=\"left\" image_icon_width=\"200%\" _builder_version=\"4.20.4\" _module_preset=\"default\" header_font=\"|600|||||||\" header_text_align=\"right\" header_text_color=\"#000000\" header_font_size=\"14px\" image_icon_custom_margin=\"-8px||||false|false\" custom_margin=\"10px||10px||false|false\" header_font_size_tablet=\"14px\" header_font_size_phone=\"8px\" header_font_size_last_edited=\"on|phone\" border_radii_image=\"on|200px|200px|200px|200px\" border_width_all_image=\"1px\" border_color_all_image=\"#FFFFFF\" global_colors_info=\"{}\"][\/et_pb_blurb][et_pb_image src=\"https:\/\/stear.app\/wp-content\/uploads\/2023\/03\/shutterstock_1930136450-scaled.jpg\" title_text=\"Gift,Boxes,In,Craft,Paper,And,Natural,Decorations,,Creative,And\" _builder_version=\"4.19.4\" _module_preset=\"default\" border_radii=\"on|10px|10px|10px|10px\" global_colors_info=\"{}\"][\/et_pb_image][et_pb_blurb title=\"Fun DIY Packaging for your next big event\" image=\"https:\/\/stear.app\/wp-content\/uploads\/2023\/06\/Screenshot-2023-06-22-at-1.39.49-PM.png\" icon_placement=\"left\" image_icon_width=\"200%\" _builder_version=\"4.20.4\" _module_preset=\"default\" header_font=\"|600|||||||\" header_text_color=\"#000000\" header_font_size=\"14px\" image_icon_custom_margin=\"-8px||||false|false\" custom_margin=\"10px||10px||false|false\" header_font_size_tablet=\"14px\" header_font_size_phone=\"8px\" header_font_size_last_edited=\"on|phone\" border_radii_image=\"on|200px|200px|200px|200px\" border_width_all_image=\"1px\" border_color_all_image=\"#FFFFFF\" locked=\"off\" global_colors_info=\"{}\"][\/et_pb_blurb][et_pb_image src=\"https:\/\/stear.app\/wp-content\/uploads\/2023\/06\/Screenshot-2023-06-22-at-9.57.04-AM.png\" title_text=\"Screenshot 2023-06-22 at 9.57.04 AM\" _builder_version=\"4.20.4\" _module_preset=\"default\" border_radii=\"on|10px|10px|10px|10px\" locked=\"off\" global_colors_info=\"{}\"][\/et_pb_image][et_pb_blurb title=\"10 MUST TRY recipes for a gathering with friends\" image=\"https:\/\/stear.app\/wp-content\/uploads\/2023\/03\/shutterstock_1667439898-scaled.jpg\" icon_placement=\"left\" image_icon_width=\"200%\" _builder_version=\"4.20.4\" _module_preset=\"default\" header_font=\"|600|||||||\" header_text_color=\"#000000\" header_font_size=\"14px\" image_icon_custom_margin=\"-8px||||false|false\" custom_margin=\"10px||10px||false|false\" header_font_size_tablet=\"14px\" header_font_size_phone=\"8px\" header_font_size_last_edited=\"on|phone\" border_radii_image=\"on|200px|200px|200px|200px\" border_width_all_image=\"1px\" border_color_all_image=\"#FFFFFF\" locked=\"off\" global_colors_info=\"{}\"][\/et_pb_blurb][et_pb_image src=\"https:\/\/stear.app\/wp-content\/uploads\/2023\/06\/Screenshot-2023-06-22-at-10.05.45-AM.png\" title_text=\"Screenshot 2023-06-22 at 10.05.45 AM\" _builder_version=\"4.20.4\" _module_preset=\"default\" width=\"82%\" border_radii=\"on|10px|10px|10px|10px\" locked=\"off\" global_colors_info=\"{}\"][\/et_pb_image][et_pb_image src=\"https:\/\/stear.app\/wp-content\/uploads\/2023\/03\/shutterstock_785154337-scaled.jpg\" title_text=\"Map,In,Backpack,,mobile,Phone,With,Earphone,And,Hat,At\" _builder_version=\"4.19.4\" _module_preset=\"default\" border_radii=\"on|10px|10px|10px|10px\" global_colors_info=\"{}\"][\/et_pb_image][et_pb_blurb title=\"Top travel destinations for backpackers\" image=\"https:\/\/stear.app\/wp-content\/uploads\/2023\/06\/Screenshot-2023-06-22-at-1.57.02-PM.png\" icon_placement=\"left\" image_icon_width=\"200%\" _builder_version=\"4.20.4\" _module_preset=\"default\" header_font=\"|600|||||||\" header_text_color=\"#000000\" header_font_size=\"14px\" image_icon_custom_margin=\"-8px||||false|false\" custom_margin=\"10px||10px||false|false\" header_font_size_tablet=\"14px\" header_font_size_phone=\"8px\" header_font_size_last_edited=\"on|phone\" border_radii_image=\"on|200px|200px|200px|200px\" border_width_all_image=\"1px\" border_color_all_image=\"#FFFFFF\" locked=\"off\" global_colors_info=\"{}\"][\/et_pb_blurb][et_pb_image src=\"https:\/\/stear.app\/wp-content\/uploads\/2023\/06\/Screenshot-2023-06-22-at-11.10.17-AM.png\" title_text=\"Screenshot 2023-06-22 at 11.10.17 AM\" _builder_version=\"4.20.4\" _module_preset=\"default\" width=\"100%\" module_alignment=\"center\" border_radii=\"on|10px|10px|10px|10px\" locked=\"off\" global_colors_info=\"{}\"][\/et_pb_image][\/et_pb_column][et_pb_column type=\"1_2\" _builder_version=\"4.19.4\" _module_preset=\"default\" global_colors_info=\"{}\"][et_pb_image src=\"https:\/\/stear.app\/wp-content\/uploads\/2023\/03\/shutterstock_2083035103-scaled.jpg\" title_text=\"Top,View,Of,Female,Hands,Knitting,Against,Wooden,Table,In\" _builder_version=\"4.19.4\" _module_preset=\"default\" max_width=\"100%\" module_alignment=\"center\" border_radii=\"on|10px|10px|10px|10px\" global_colors_info=\"{}\"][\/et_pb_image][et_pb_blurb title=\"EASY: Follow Along Sweater Pattern\" image=\"https:\/\/stear.app\/wp-content\/uploads\/2023\/03\/shutterstock_1437938126-scaled.jpg\" icon_placement=\"left\" image_icon_width=\"200%\" _builder_version=\"4.20.4\" _module_preset=\"default\" header_font=\"|600|||||||\" header_text_color=\"#000000\" header_font_size=\"14px\" image_icon_custom_margin=\"-8px||||false|false\" custom_margin=\"10px||10px||false|false\" header_font_size_tablet=\"14px\" header_font_size_phone=\"8px\" header_font_size_last_edited=\"on|phone\" border_radii_image=\"on|200px|200px|200px|200px\" border_width_all_image=\"1px\" border_color_all_image=\"#FFFFFF\" global_colors_info=\"{}\"][\/et_pb_blurb][et_pb_image src=\"https:\/\/stear.app\/wp-content\/uploads\/2023\/03\/shutterstock_1520565941-scaled.jpg\" title_text=\"Hand,Knitted,Merino,Wool,Chunky,Blanket,In,Interior,On,Background.\" _builder_version=\"4.19.4\" _module_preset=\"default\" width=\"68%\" border_radii=\"on|10px|10px|10px|10px\" global_colors_info=\"{}\"][\/et_pb_image][et_pb_blurb title=\"Cozy Chunky Knits Catalogue\" image=\"https:\/\/stear.app\/wp-content\/uploads\/2023\/03\/shutterstock_1498236431-scaled.jpg\" icon_placement=\"left\" image_icon_width=\"200%\" _builder_version=\"4.20.4\" _module_preset=\"default\" header_font=\"|600|||||||\" header_text_color=\"#000000\" header_font_size=\"14px\" image_icon_custom_margin=\"-8px||||false|false\" custom_margin=\"10px||10px||false|false\" header_font_size_tablet=\"14px\" header_font_size_phone=\"8px\" header_font_size_last_edited=\"on|phone\" border_radii_image=\"on|200px|200px|200px|200px\" border_width_all_image=\"1px\" border_color_all_image=\"#FFFFFF\" global_colors_info=\"{}\"][\/et_pb_blurb][et_pb_image src=\"https:\/\/stear.app\/wp-content\/uploads\/2023\/03\/shutterstock_504504346-scaled.jpg\" title_text=\"Blank,Vintage,Recipe,Cooking,Book,And,Utensils.,Top,View,With\" _builder_version=\"4.20.4\" _module_preset=\"default\" width=\"90%\" module_alignment=\"center\" custom_margin=\"10px||10px||false|false\" border_radii=\"on|10px|10px|10px|10px\" global_colors_info=\"{}\"][\/et_pb_image][et_pb_image src=\"https:\/\/stear.app\/wp-content\/uploads\/2023\/06\/Screenshot-2023-06-22-at-10.15.28-AM.png\" title_text=\"Screenshot 2023-06-22 at 10.15.28 AM\" align=\"right\" _builder_version=\"4.20.4\" _module_preset=\"default\" width=\"82%\" custom_margin=\"10px||10px||false|false\" border_radii=\"on|10px|10px|10px|10px\" locked=\"off\" global_colors_info=\"{}\"][\/et_pb_image][et_pb_image src=\"https:\/\/stear.app\/wp-content\/uploads\/2023\/03\/shutterstock_1075540742-scaled.jpg\" title_text=\"Diy,Old,Empty,Bottles,Can,Be,Used,For,Event,Decoration\" align=\"right\" _builder_version=\"4.20.4\" _module_preset=\"default\" max_width=\"94%\" border_radii=\"on|10px|10px|10px|10px\" global_colors_info=\"{}\"][\/et_pb_image][et_pb_blurb title=\"DIY Event Decor: Beginner\" icon_placement=\"left\" image_icon_width=\"200%\" _builder_version=\"4.20.4\" _module_preset=\"default\" header_font=\"|600|||||||\" header_text_color=\"#000000\" header_font_size=\"14px\" image_icon_custom_margin=\"-8px||||false|false\" custom_margin=\"10px||10px||false|false\" header_font_size_tablet=\"14px\" header_font_size_phone=\"8px\" header_font_size_last_edited=\"on|phone\" custom_css_main_element=\".et_pb_module_header {||  display: inline-block;||}||||.blurb-iconet_pb_main_blurb_image {||  display: inline-block;||  vertical-align: middle;||  margin-left: 10px;||}\" border_radii_image=\"on|200px|200px|200px|200px\" border_width_all_image=\"1px\" border_color_all_image=\"#FFFFFF\" locked=\"off\" global_colors_info=\"{}\"][\/et_pb_blurb][et_pb_image src=\"https:\/\/stear.app\/wp-content\/uploads\/2023\/06\/Screenshot-2023-06-22-at-9.54.53-AM.png\" title_text=\"Screenshot 2023-06-22 at 9.54.53 AM\" _builder_version=\"4.20.4\" _module_preset=\"default\" width=\"77%\" max_width=\"100%\" border_radii=\"on|10px|10px|10px|10px\" locked=\"off\" global_colors_info=\"{}\"][\/et_pb_image][et_pb_blurb title=\"Minimalism Decor Trend 2023\" image=\"https:\/\/stear.app\/wp-content\/uploads\/2023\/06\/Screenshot-2023-06-22-at-1.39.19-PM.png\" icon_placement=\"left\" image_icon_width=\"200%\" _builder_version=\"4.20.4\" _module_preset=\"default\" header_font=\"|600|||||||\" header_text_color=\"#000000\" header_font_size=\"14px\" image_icon_custom_margin=\"-8px||||false|false\" custom_margin=\"10px||10px||false|false\" header_font_size_tablet=\"14px\" header_font_size_phone=\"8px\" header_font_size_last_edited=\"on|phone\" border_radii_image=\"on|200px|200px|200px|200px\" border_width_all_image=\"1px\" border_color_all_image=\"#FFFFFF\" locked=\"off\" global_colors_info=\"{}\"][\/et_pb_blurb][et_pb_image src=\"https:\/\/stear.app\/wp-content\/uploads\/2023\/06\/Screenshot-2023-06-22-at-10.16.09-AM.png\" title_text=\"Screenshot 2023-06-22 at 10.16.09 AM\" align=\"right\" _builder_version=\"4.20.4\" _module_preset=\"default\" width=\"100%\" border_radii=\"on|10px|10px|10px|10px\" locked=\"off\" global_colors_info=\"{}\"][\/et_pb_image][et_pb_blurb title=\"Couches for every type of living room\" icon_placement=\"left\" image_icon_width=\"200%\" _builder_version=\"4.20.4\" _module_preset=\"default\" header_font=\"|600|||||||\" header_text_color=\"#000000\" header_font_size=\"14px\" image_icon_custom_margin=\"-8px||||false|false\" custom_margin=\"10px||10px||false|false\" header_font_size_tablet=\"14px\" header_font_size_phone=\"8px\" header_font_size_last_edited=\"on|phone\" border_radii_image=\"on|200px|200px|200px|200px\" border_width_all_image=\"1px\" border_color_all_image=\"#FFFFFF\" locked=\"off\" global_colors_info=\"{}\"][\/et_pb_blurb][et_pb_image src=\"https:\/\/stear.app\/wp-content\/uploads\/2023\/06\/Screenshot-2023-06-22-at-11.09.57-AM.png\" title_text=\"Screenshot 2023-06-22 at 11.09.57 AM\" _builder_version=\"4.20.4\" _module_preset=\"default\" width=\"100%\" module_alignment=\"center\" border_radii=\"on|10px|10px|10px|10px\" locked=\"off\" global_colors_info=\"{}\"][\/et_pb_image][\/et_pb_column][\/et_pb_row][\/et_pb_section][et_pb_section fb_built=\"1\" _builder_version=\"4.20.4\" _module_preset=\"default\" global_colors_info=\"{}\"][et_pb_row _builder_version=\"4.20.4\" _module_preset=\"default\" global_colors_info=\"{}\"][et_pb_column type=\"4_4\" _builder_version=\"4.20.4\" _module_preset=\"default\" global_colors_info=\"{}\"][\/et_pb_column][\/et_pb_row][\/et_pb_section]<\/div><\/div>","protected":false},"excerpt":{"rendered":"<p>Rapport de cr\u00e9dit, cote de cr\u00e9dit et endettementUn rapport de cr\u00e9dit donne un aper\u00e7u d\u00e9taill\u00e9 des ant\u00e9c\u00e9dents en mati\u00e8re de cr\u00e9dit d&rsquo;un individu et est souvent utilis\u00e9 pour mesurer sa fiabilit\u00e9 financi\u00e8re en fonction de ses ant\u00e9c\u00e9dents de remboursement de pr\u00eats, de dettes et d&rsquo;autres paiements. Les rapports de cr\u00e9dit sont \u00e9galement utilis\u00e9s par les [&hellip;]<\/p>\n","protected":false},"author":3,"featured_media":0,"parent":539,"menu_order":0,"comment_status":"closed","ping_status":"closed","template":"","meta":{"_et_pb_use_builder":"on","_et_pb_old_content":"","_et_gb_content_width":"","footnotes":""},"class_list":["post-528","page","type-page","status-publish","hentry"],"_links":{"self":[{"href":"https:\/\/stear.app\/fr\/wp-json\/wp\/v2\/pages\/528","targetHints":{"allow":["GET"]}}],"collection":[{"href":"https:\/\/stear.app\/fr\/wp-json\/wp\/v2\/pages"}],"about":[{"href":"https:\/\/stear.app\/fr\/wp-json\/wp\/v2\/types\/page"}],"author":[{"embeddable":true,"href":"https:\/\/stear.app\/fr\/wp-json\/wp\/v2\/users\/3"}],"replies":[{"embeddable":true,"href":"https:\/\/stear.app\/fr\/wp-json\/wp\/v2\/comments?post=528"}],"version-history":[{"count":0,"href":"https:\/\/stear.app\/fr\/wp-json\/wp\/v2\/pages\/528\/revisions"}],"up":[{"embeddable":true,"href":"https:\/\/stear.app\/fr\/wp-json\/wp\/v2\/pages\/539"}],"wp:attachment":[{"href":"https:\/\/stear.app\/fr\/wp-json\/wp\/v2\/media?parent=528"}],"curies":[{"name":"wp","href":"https:\/\/api.w.org\/{rel}","templated":true}]}}